{"id":12,"date":"2023-01-16T11:39:49","date_gmt":"2023-01-16T10:39:49","guid":{"rendered":"https:\/\/eloquent-mendel.89-110-146-98.plesk.page\/?page_id=10"},"modified":"2025-12-05T12:24:39","modified_gmt":"2025-12-05T10:24:39","slug":"fae-frau-daniela-vlasny","status":"publish","type":"page","link":"https:\/\/xn--hausrzte-weissensee-jwb.de\/?page_id=12","title":{"rendered":"Frau Daniela Vlasny"},"content":{"rendered":"<h4>Fach\u00e4rztin f\u00fcr Innere Medizin \u2013 haus\u00e4rztliche Versorgung<\/h4>\n<p>Zusatzbezeichnung Geriatrie, Palliativmedizin<\/p>\n<table border=\"0px\" cellspacing=\"0px\" cellpadding=\"0px\" align=\"left\">\n<thead>\n<tr>\n<th colspan=\"5\"><strong>Sprechstunden:<\/strong><\/th>\n<\/tr>\n<\/thead>\n<tbody>\n<tr>\n<td><strong>Mo.<\/strong><\/td>\n<td>13:00<\/td>\n<td>&#8211;<\/td>\n<td>18:30<\/td>\n<td>Uhr<\/td>\n<\/tr>\n<tr>\n<td><strong>Di.<\/strong><\/td>\n<td>08:00<\/td>\n<td>&#8211;<\/td>\n<td>12:30<\/td>\n<td>Uhr<\/td>\n<\/tr>\n<tr>\n<td><strong>Mi.<\/strong><\/td>\n<td>13:00<\/td>\n<td>&#8211;<\/td>\n<td>18:30<\/td>\n<td>Uhr<\/td>\n<\/tr>\n<tr>\n<td><strong>Do.<\/strong><\/td>\n<td>08:00<\/td>\n<td>&#8211;<\/td>\n<td>12:30<\/td>\n<td>Uhr<\/td>\n<\/tr>\n<tr>\n<td><strong>Fr.<\/strong><\/td>\n<td colspan=\"4\">Nur nach Vereinbarung!<\/td>\n<\/tr>\n<tr>\n<td colspan=\"5\"><strong>Akutpatienten kommen bitte innerhalb der ersten Stunde zu Beginn der Sprechzeiten.<\/strong><\/td>\n<\/tr>\n<tr>\n<td><strong>Tel.:<\/strong><\/td>\n<td colspan=\"4\">030 \/ 92 37 20 90<\/td>\n<\/tr>\n<tr>\n<td><strong>Fax:<\/strong><\/td>\n<td colspan=\"4\">030 \/ 92 37 20 99<\/td>\n<\/tr>\n<tr>\n<td><strong>E-Mail:<\/strong><\/td>\n<td colspan=\"4\"><a href=\"mailto:vlasny@hausaerzte-weissensee.de\">vlasny@hausaerzte-weissensee.de<\/a><\/td>\n<\/tr>\n<tr>\n<td colspan=\"5\"><\/td>\n<\/tr>\n<tr>\n<th colspan=\"5\">Kassen\u00e4rztliche Leistungen:<\/th>\n<\/tr>\n<tr>\n<td colspan=\"5\">\n<ul>\n<li>haus\u00e4rztliche Grundversorgung<\/li>\n<li>EKG, Langzeit-Blutdruckmessung, Lungenfunktion<\/li>\n<li>Impfberatung<\/li>\n<li>Gesundheitsvorsorge und DMP Diabetes mellitus, COPD, Asthma bronchiale und KHK<\/li>\n<li>Beratung zu und Anwendung von Botulinomtoxin<\/li>\n<\/ul>\n<\/td>\n<\/tr>\n<tr>\n<td colspan=\"5\"><\/td>\n<\/tr>\n<tr>\n<th colspan=\"5\">\u00dcber mich:<\/th>\n<\/tr>\n<tr>\n<td colspan=\"5\">\n<ul>\n<li>Studium der Humanmedizin an den Universit\u00e4ten Bonn und Lausanne<\/li>\n<li>Wissenschaftliche T\u00e4tigkeit an der Universit\u00e4t T\u00fcbingen<\/li>\n<li>Ausbildung zur Fach\u00e4rztin f\u00fcr Innere Medizin Havellandklinik Nauen, Schlossparkklinik Berlin, St.-Joseph Krankenhaus Berlin und Deutsches Herzzentrum Berlin<\/li>\n<li>Ober\u00e4rztliche T\u00e4tigkeiten im Vitanas Klinikum, Oberhavel Klinikum und Klinikum Ernst von Bergmann Potsdam<\/li>\n<li>Zusatzweiterbildungen in den Bereichen Geriatrie und Palliativmedizin<\/li>\n<\/ul>\n<\/td>\n<\/tr>\n<\/tbody>\n<\/table>\n","protected":false},"excerpt":{"rendered":"<p>Fach\u00e4rztin f\u00fcr Innere Medizin \u2013 haus\u00e4rztliche Versorgung Zusatzbezeichnung Geriatrie, Palliativmedizin Sprechstunden: Mo. 13:00 &#8211; 18:30 Uhr Di. 08:00 &#8211; 12:30 Uhr Mi. 13:00 &#8211; 18:30 Uhr Do. 08:00 &#8211; 12:30 Uhr Fr. Nur nach Vereinbarung! Akutpatienten kommen bitte innerhalb der ersten Stunde zu Beginn der Sprechzeiten. Tel.: 030 \/ 92 37 20 90 Fax: 030 &hellip; <\/p>\n<p><a class=\"more-link btn\" href=\"https:\/\/xn--hausrzte-weissensee-jwb.de\/?page_id=12\">Weiterlesen<\/a><\/p>\n","protected":false},"author":1,"featured_media":0,"parent":0,"menu_order":30,"comment_status":"closed","ping_status":"closed","template":"template-twocolumnsleft.php","meta":{"footnotes":""},"class_list":["post-12","page","type-page","status-publish","hentry","nodate","item-wrap"],"_links":{"self":[{"href":"https:\/\/xn--hausrzte-weissensee-jwb.de\/index.php?rest_route=\/wp\/v2\/pages\/12","targetHints":{"allow":["GET"]}}],"collection":[{"href":"https:\/\/xn--hausrzte-weissensee-jwb.de\/index.php?rest_route=\/wp\/v2\/pages"}],"about":[{"href":"https:\/\/xn--hausrzte-weissensee-jwb.de\/index.php?rest_route=\/wp\/v2\/types\/page"}],"author":[{"embeddable":true,"href":"https:\/\/xn--hausrzte-weissensee-jwb.de\/index.php?rest_route=\/wp\/v2\/users\/1"}],"replies":[{"embeddable":true,"href":"https:\/\/xn--hausrzte-weissensee-jwb.de\/index.php?rest_route=%2Fwp%2Fv2%2Fcomments&post=12"}],"version-history":[{"count":4,"href":"https:\/\/xn--hausrzte-weissensee-jwb.de\/index.php?rest_route=\/wp\/v2\/pages\/12\/revisions"}],"predecessor-version":[{"id":510,"href":"https:\/\/xn--hausrzte-weissensee-jwb.de\/index.php?rest_route=\/wp\/v2\/pages\/12\/revisions\/510"}],"wp:attachment":[{"href":"https:\/\/xn--hausrzte-weissensee-jwb.de\/index.php?rest_route=%2Fwp%2Fv2%2Fmedia&parent=12"}],"curies":[{"name":"wp","href":"https:\/\/api.w.org\/{rel}","templated":true}]}}